{"id":1423,"date":"2020-03-05T18:04:48","date_gmt":"2020-03-05T11:04:48","guid":{"rendered":"https:\/\/www.opsgreat.com\/our-story\/"},"modified":"2020-03-28T15:58:36","modified_gmt":"2020-03-28T08:58:36","slug":"our-story","status":"publish","type":"page","link":"https:\/\/www.opsgreat.com\/vi\/our-story\/","title":{"rendered":"Gi\u1edbi thi\u1ec7u"},"content":{"rendered":"<p>Th\u00e0nh l\u1eadp v\u00e0o n\u0103m 2013 t\u1ea1i Th\u00e0nh Ph\u1ed1 H\u1ed3 Ch\u00ed Minh, Vi\u1ec7t Nam; OpsGreat \u0111\u00e3 thi\u1ebft k\u1ebf v\u00e0 ph\u00e1t tri\u1ec3n website, \u1ee9ng d\u1ee5ng di \u0111\u1ed9ng v\u00e0 c\u00e1c d\u1ecbch v\u1ee5 CNTT li\u00ean quan. Ch\u00fang t\u00f4i k\u1ebft h\u1ee3p c\u00e1c ph\u01b0\u01a1ng ph\u00e1p, ki\u1ebfn \u200b\u200bth\u1ee9c trong nhi\u1ec1u l\u0129nh v\u1ef1c kinh doanh v\u00e0 chuy\u00ean m\u00f4n c\u00f4ng ngh\u1ec7 \u0111\u1ec3 cung c\u1ea5p c\u00e1c d\u1ef1 \u00e1n v\u1edbi ch\u1ea5t l\u01b0\u1ee3ng cao nh\u1ea5t.<\/p>\n","protected":false},"excerpt":{"rendered":"<p>Th\u00e0nh l\u1eadp v\u00e0o n\u0103m 2013 t\u1ea1i Th\u00e0nh Ph\u1ed1 H\u1ed3 Ch\u00ed Minh, Vi\u1ec7t Nam; OpsGreat \u0111\u00e3 thi\u1ebft k\u1ebf v\u00e0 ph\u00e1t tri\u1ec3n website, \u1ee9ng d\u1ee5ng di \u0111\u1ed9ng v\u00e0 c\u00e1c d\u1ecbch v\u1ee5 CNTT li\u00ean quan. Ch\u00fang t\u00f4i k\u1ebft h\u1ee3p c\u00e1c ph\u01b0\u01a1ng ph\u00e1p, ki\u1ebfn \u200b\u200bth\u1ee9c trong nhi\u1ec1u l\u0129nh v\u1ef1c kinh doanh v\u00e0 chuy\u00ean m\u00f4n c\u00f4ng ngh\u1ec7 \u0111\u1ec3 cung c\u1ea5p [&hellip;]<\/p>\n","protected":false},"author":1,"featured_media":931,"parent":0,"menu_order":11,"comment_status":"closed","ping_status":"closed","template":"page-our-story.php","meta":{"footnotes":""},"class_list":["post-1423","page","type-page","status-publish","has-post-thumbnail","hentry"],"yoast_head":"<!-- This site is optimized with the Yoast SEO plugin v27.2 - https:\/\/yoast.com\/product\/yoast-seo-wordpress\/ -->\n<title>Gi\u1edbi thi\u1ec7u - Mobile and Website Design and Development Company - OpsGreat<\/title>\n<meta name=\"description\" content=\"Th\u00e0nh l\u1eadp v\u00e0o n\u0103m 2013 t\u1ea1i Th\u00e0nh Ph\u1ed1 H\u1ed3 Ch\u00ed Minh, Vi\u1ec7t Nam; OpsGreat cung c\u1ea5p d\u1ecbch v\u1ee5 thi\u1ebft k\u1ebf v\u00e0 ph\u00e1t tri\u1ec3n website, \u1ee9ng d\u1ee5ng di \u0111\u1ed9ng v\u00e0 c\u00e1c d\u1ecbch v\u1ee5 CNTT\" \/>\n<meta name=\"robots\" content=\"index, follow, max-snippet:-1, max-image-preview:large, max-video-preview:-1\" \/>\n<link rel=\"canonical\" href=\"https:\/\/www.opsgreat.com\/our-story\/\" \/>\n<meta property=\"og:locale\" content=\"vi_VN\" \/>\n<meta property=\"og:type\" content=\"article\" \/>\n<meta property=\"og:title\" content=\"Gi\u1edbi thi\u1ec7u - Mobile and Website Design and Development Company - OpsGreat\" \/>\n<meta property=\"og:description\" content=\"Th\u00e0nh l\u1eadp v\u00e0o n\u0103m 2013 t\u1ea1i Th\u00e0nh Ph\u1ed1 H\u1ed3 Ch\u00ed Minh, Vi\u1ec7t Nam; OpsGreat cung c\u1ea5p d\u1ecbch v\u1ee5 thi\u1ebft k\u1ebf v\u00e0 ph\u00e1t tri\u1ec3n website, \u1ee9ng d\u1ee5ng di \u0111\u1ed9ng v\u00e0 c\u00e1c d\u1ecbch v\u1ee5 CNTT\" \/>\n<meta property=\"og:url\" content=\"https:\/\/www.opsgreat.com\/our-story\/\" \/>\n<meta property=\"og:site_name\" content=\"Mobile and Website Design and Development Company - OpsGreat\" \/>\n<meta property=\"article:modified_time\" content=\"2020-03-28T08:58:36+00:00\" \/>\n<meta property=\"og:image\" content=\"https:\/\/www.opsgreat.com\/wp-content\/uploads\/2020\/03\/Our-Story_banner.png\" \/>\n\t<meta property=\"og:image:width\" content=\"1920\" \/>\n\t<meta property=\"og:image:height\" content=\"666\" \/>\n\t<meta property=\"og:image:type\" content=\"image\/png\" \/>\n<meta name=\"twitter:card\" content=\"summary_large_image\" \/>\n<script type=\"application\/ld+json\" class=\"yoast-schema-graph\">{\"@context\":\"https:\/\/schema.org\",\"@graph\":[{\"@type\":\"WebPage\",\"@id\":\"https:\/\/www.opsgreat.com\/our-story\/\",\"url\":\"https:\/\/www.opsgreat.com\/our-story\/\",\"name\":\"Gi\u1edbi thi\u1ec7u - Mobile and Website Design and Development Company - OpsGreat\",\"isPartOf\":{\"@id\":\"https:\/\/www.opsgreat.com\/#website\"},\"primaryImageOfPage\":{\"@id\":\"https:\/\/www.opsgreat.com\/our-story\/#primaryimage\"},\"image\":{\"@id\":\"https:\/\/www.opsgreat.com\/our-story\/#primaryimage\"},\"thumbnailUrl\":\"https:\/\/www.opsgreat.com\/wp-content\/uploads\/2020\/03\/Our-Story_banner.png\",\"datePublished\":\"2020-03-05T11:04:48+00:00\",\"dateModified\":\"2020-03-28T08:58:36+00:00\",\"description\":\"Th\u00e0nh l\u1eadp v\u00e0o n\u0103m 2013 t\u1ea1i Th\u00e0nh Ph\u1ed1 H\u1ed3 Ch\u00ed Minh, Vi\u1ec7t Nam; OpsGreat cung c\u1ea5p d\u1ecbch v\u1ee5 thi\u1ebft k\u1ebf v\u00e0 ph\u00e1t tri\u1ec3n website, \u1ee9ng d\u1ee5ng di \u0111\u1ed9ng v\u00e0 c\u00e1c d\u1ecbch v\u1ee5 CNTT\",\"breadcrumb\":{\"@id\":\"https:\/\/www.opsgreat.com\/our-story\/#breadcrumb\"},\"inLanguage\":\"vi-VN\",\"potentialAction\":[{\"@type\":\"ReadAction\",\"target\":[\"https:\/\/www.opsgreat.com\/our-story\/\"]}]},{\"@type\":\"ImageObject\",\"inLanguage\":\"vi-VN\",\"@id\":\"https:\/\/www.opsgreat.com\/our-story\/#primaryimage\",\"url\":\"https:\/\/www.opsgreat.com\/wp-content\/uploads\/2020\/03\/Our-Story_banner.png\",\"contentUrl\":\"https:\/\/www.opsgreat.com\/wp-content\/uploads\/2020\/03\/Our-Story_banner.png\",\"width\":1920,\"height\":666},{\"@type\":\"BreadcrumbList\",\"@id\":\"https:\/\/www.opsgreat.com\/our-story\/#breadcrumb\",\"itemListElement\":[{\"@type\":\"ListItem\",\"position\":1,\"name\":\"Home\",\"item\":\"https:\/\/www.opsgreat.com\/vi\/\"},{\"@type\":\"ListItem\",\"position\":2,\"name\":\"Gi\u1edbi thi\u1ec7u\"}]},{\"@type\":\"WebSite\",\"@id\":\"https:\/\/www.opsgreat.com\/#website\",\"url\":\"https:\/\/www.opsgreat.com\/\",\"name\":\"Mobile and Website Design and Development Company - OpsGreat\",\"description\":\"OpsGreat is a team of designers, developers and strategists combining our skills to create traditional and new creative solutions to meet your goals &amp; expectations through the application of appropriate strategies across multiple platforms.\",\"publisher\":{\"@id\":\"https:\/\/www.opsgreat.com\/#organization\"},\"potentialAction\":[{\"@type\":\"SearchAction\",\"target\":{\"@type\":\"EntryPoint\",\"urlTemplate\":\"https:\/\/www.opsgreat.com\/?s={search_term_string}\"},\"query-input\":{\"@type\":\"PropertyValueSpecification\",\"valueRequired\":true,\"valueName\":\"search_term_string\"}}],\"inLanguage\":\"vi-VN\"},{\"@type\":\"Organization\",\"@id\":\"https:\/\/www.opsgreat.com\/#organization\",\"name\":\"OpsGreat - Mobile and Website Design and Development Company\",\"url\":\"https:\/\/www.opsgreat.com\/\",\"logo\":{\"@type\":\"ImageObject\",\"inLanguage\":\"vi-VN\",\"@id\":\"https:\/\/www.opsgreat.com\/#\/schema\/logo\/image\/\",\"url\":\"https:\/\/www.opsgreat.com\/wp-content\/uploads\/2020\/03\/logo.png\",\"contentUrl\":\"https:\/\/www.opsgreat.com\/wp-content\/uploads\/2020\/03\/logo.png\",\"width\":175,\"height\":49,\"caption\":\"OpsGreat - Mobile and Website Design and Development Company\"},\"image\":{\"@id\":\"https:\/\/www.opsgreat.com\/#\/schema\/logo\/image\/\"}}]}<\/script>\n<!-- \/ Yoast SEO plugin. -->","yoast_head_json":{"title":"Gi\u1edbi thi\u1ec7u - Mobile and Website Design and Development Company - OpsGreat","description":"Th\u00e0nh l\u1eadp v\u00e0o n\u0103m 2013 t\u1ea1i Th\u00e0nh Ph\u1ed1 H\u1ed3 Ch\u00ed Minh, Vi\u1ec7t Nam; OpsGreat cung c\u1ea5p d\u1ecbch v\u1ee5 thi\u1ebft k\u1ebf v\u00e0 ph\u00e1t tri\u1ec3n website, \u1ee9ng d\u1ee5ng di \u0111\u1ed9ng v\u00e0 c\u00e1c d\u1ecbch v\u1ee5 CNTT","robots":{"index":"index","follow":"follow","max-snippet":"max-snippet:-1","max-image-preview":"max-image-preview:large","max-video-preview":"max-video-preview:-1"},"canonical":"https:\/\/www.opsgreat.com\/our-story\/","og_locale":"vi_VN","og_type":"article","og_title":"Gi\u1edbi thi\u1ec7u - Mobile and Website Design and Development Company - OpsGreat","og_description":"Th\u00e0nh l\u1eadp v\u00e0o n\u0103m 2013 t\u1ea1i Th\u00e0nh Ph\u1ed1 H\u1ed3 Ch\u00ed Minh, Vi\u1ec7t Nam; OpsGreat cung c\u1ea5p d\u1ecbch v\u1ee5 thi\u1ebft k\u1ebf v\u00e0 ph\u00e1t tri\u1ec3n website, \u1ee9ng d\u1ee5ng di \u0111\u1ed9ng v\u00e0 c\u00e1c d\u1ecbch v\u1ee5 CNTT","og_url":"https:\/\/www.opsgreat.com\/our-story\/","og_site_name":"Mobile and Website Design and Development Company - OpsGreat","article_modified_time":"2020-03-28T08:58:36+00:00","og_image":[{"width":1920,"height":666,"url":"https:\/\/www.opsgreat.com\/wp-content\/uploads\/2020\/03\/Our-Story_banner.png","type":"image\/png"}],"twitter_card":"summary_large_image","schema":{"@context":"https:\/\/schema.org","@graph":[{"@type":"WebPage","@id":"https:\/\/www.opsgreat.com\/our-story\/","url":"https:\/\/www.opsgreat.com\/our-story\/","name":"Gi\u1edbi thi\u1ec7u - Mobile and Website Design and Development Company - OpsGreat","isPartOf":{"@id":"https:\/\/www.opsgreat.com\/#website"},"primaryImageOfPage":{"@id":"https:\/\/www.opsgreat.com\/our-story\/#primaryimage"},"image":{"@id":"https:\/\/www.opsgreat.com\/our-story\/#primaryimage"},"thumbnailUrl":"https:\/\/www.opsgreat.com\/wp-content\/uploads\/2020\/03\/Our-Story_banner.png","datePublished":"2020-03-05T11:04:48+00:00","dateModified":"2020-03-28T08:58:36+00:00","description":"Th\u00e0nh l\u1eadp v\u00e0o n\u0103m 2013 t\u1ea1i Th\u00e0nh Ph\u1ed1 H\u1ed3 Ch\u00ed Minh, Vi\u1ec7t Nam; OpsGreat cung c\u1ea5p d\u1ecbch v\u1ee5 thi\u1ebft k\u1ebf v\u00e0 ph\u00e1t tri\u1ec3n website, \u1ee9ng d\u1ee5ng di \u0111\u1ed9ng v\u00e0 c\u00e1c d\u1ecbch v\u1ee5 CNTT","breadcrumb":{"@id":"https:\/\/www.opsgreat.com\/our-story\/#breadcrumb"},"inLanguage":"vi-VN","potentialAction":[{"@type":"ReadAction","target":["https:\/\/www.opsgreat.com\/our-story\/"]}]},{"@type":"ImageObject","inLanguage":"vi-VN","@id":"https:\/\/www.opsgreat.com\/our-story\/#primaryimage","url":"https:\/\/www.opsgreat.com\/wp-content\/uploads\/2020\/03\/Our-Story_banner.png","contentUrl":"https:\/\/www.opsgreat.com\/wp-content\/uploads\/2020\/03\/Our-Story_banner.png","width":1920,"height":666},{"@type":"BreadcrumbList","@id":"https:\/\/www.opsgreat.com\/our-story\/#breadcrumb","itemListElement":[{"@type":"ListItem","position":1,"name":"Home","item":"https:\/\/www.opsgreat.com\/vi\/"},{"@type":"ListItem","position":2,"name":"Gi\u1edbi thi\u1ec7u"}]},{"@type":"WebSite","@id":"https:\/\/www.opsgreat.com\/#website","url":"https:\/\/www.opsgreat.com\/","name":"Mobile and Website Design and Development Company - OpsGreat","description":"OpsGreat is a team of designers, developers and strategists combining our skills to create traditional and new creative solutions to meet your goals &amp; expectations through the application of appropriate strategies across multiple platforms.","publisher":{"@id":"https:\/\/www.opsgreat.com\/#organization"},"potentialAction":[{"@type":"SearchAction","target":{"@type":"EntryPoint","urlTemplate":"https:\/\/www.opsgreat.com\/?s={search_term_string}"},"query-input":{"@type":"PropertyValueSpecification","valueRequired":true,"valueName":"search_term_string"}}],"inLanguage":"vi-VN"},{"@type":"Organization","@id":"https:\/\/www.opsgreat.com\/#organization","name":"OpsGreat - Mobile and Website Design and Development Company","url":"https:\/\/www.opsgreat.com\/","logo":{"@type":"ImageObject","inLanguage":"vi-VN","@id":"https:\/\/www.opsgreat.com\/#\/schema\/logo\/image\/","url":"https:\/\/www.opsgreat.com\/wp-content\/uploads\/2020\/03\/logo.png","contentUrl":"https:\/\/www.opsgreat.com\/wp-content\/uploads\/2020\/03\/logo.png","width":175,"height":49,"caption":"OpsGreat - Mobile and Website Design and Development Company"},"image":{"@id":"https:\/\/www.opsgreat.com\/#\/schema\/logo\/image\/"}}]}},"_links":{"self":[{"href":"https:\/\/www.opsgreat.com\/vi\/wp-json\/wp\/v2\/pages\/1423","targetHints":{"allow":["GET"]}}],"collection":[{"href":"https:\/\/www.opsgreat.com\/vi\/wp-json\/wp\/v2\/pages"}],"about":[{"href":"https:\/\/www.opsgreat.com\/vi\/wp-json\/wp\/v2\/types\/page"}],"author":[{"embeddable":true,"href":"https:\/\/www.opsgreat.com\/vi\/wp-json\/wp\/v2\/users\/1"}],"replies":[{"embeddable":true,"href":"https:\/\/www.opsgreat.com\/vi\/wp-json\/wp\/v2\/comments?post=1423"}],"version-history":[{"count":12,"href":"https:\/\/www.opsgreat.com\/vi\/wp-json\/wp\/v2\/pages\/1423\/revisions"}],"predecessor-version":[{"id":1741,"href":"https:\/\/www.opsgreat.com\/vi\/wp-json\/wp\/v2\/pages\/1423\/revisions\/1741"}],"wp:featuredmedia":[{"embeddable":true,"href":"https:\/\/www.opsgreat.com\/vi\/wp-json\/wp\/v2\/media\/931"}],"wp:attachment":[{"href":"https:\/\/www.opsgreat.com\/vi\/wp-json\/wp\/v2\/media?parent=1423"}],"curies":[{"name":"wp","href":"https:\/\/api.w.org\/{rel}","templated":true}]}}