{"id":1571,"date":"2020-03-05T18:15:11","date_gmt":"2020-03-05T11:15:11","guid":{"rendered":"https:\/\/www.opsgreat.com\/careers\/"},"modified":"2020-03-26T09:41:57","modified_gmt":"2020-03-26T02:41:57","slug":"careers","status":"publish","type":"page","link":"https:\/\/www.opsgreat.com\/vi\/careers\/","title":{"rendered":"Ngh\u1ec1 nghi\u1ec7p"},"content":{"rendered":"<p>Tham gia v\u1edbi \u0111\u1ed9i ng\u0169 \u0111\u1ea7y t\u00e0i n\u0103ng, \u0111am m\u00ea v\u00e0 nhi\u1ec7t huy\u1ebft c\u00f9ng v\u1edbi ch\u00fang t\u00f4i.<\/p>\n","protected":false},"excerpt":{"rendered":"<p>Tham gia v\u1edbi \u0111\u1ed9i ng\u0169 \u0111\u1ea7y t\u00e0i n\u0103ng, \u0111am m\u00ea v\u00e0 nhi\u1ec7t huy\u1ebft c\u00f9ng v\u1edbi ch\u00fang t\u00f4i.<\/p>\n","protected":false},"author":1,"featured_media":942,"parent":0,"menu_order":7,"comment_status":"closed","ping_status":"closed","template":"page-careers.php","meta":{"footnotes":""},"class_list":["post-1571","page","type-page","status-publish","has-post-thumbnail","hentry"],"yoast_head":"<!-- This site is optimized with the Yoast SEO plugin v27.2 - https:\/\/yoast.com\/product\/yoast-seo-wordpress\/ -->\n<title>Ngh\u1ec1 nghi\u1ec7p - Mobile and Website Design and Development Company - OpsGreat<\/title>\n<meta name=\"description\" content=\"Tham gia v\u1edbi \u0111\u1ed9i ng\u0169 \u0111\u1ea7y t\u00e0i n\u0103ng, \u0111am m\u00ea v\u00e0 nhi\u1ec7t huy\u1ebft c\u00f9ng v\u1edbi ch\u00fang t\u00f4i.\" \/>\n<meta name=\"robots\" content=\"index, follow, max-snippet:-1, max-image-preview:large, max-video-preview:-1\" \/>\n<link rel=\"canonical\" href=\"https:\/\/www.opsgreat.com\/careers\/\" \/>\n<meta property=\"og:locale\" content=\"vi_VN\" \/>\n<meta property=\"og:type\" content=\"article\" \/>\n<meta property=\"og:title\" content=\"Ngh\u1ec1 nghi\u1ec7p - Mobile and Website Design and Development Company - OpsGreat\" \/>\n<meta property=\"og:description\" content=\"Tham gia v\u1edbi \u0111\u1ed9i ng\u0169 \u0111\u1ea7y t\u00e0i n\u0103ng, \u0111am m\u00ea v\u00e0 nhi\u1ec7t huy\u1ebft c\u00f9ng v\u1edbi ch\u00fang t\u00f4i.\" \/>\n<meta property=\"og:url\" content=\"https:\/\/www.opsgreat.com\/careers\/\" \/>\n<meta property=\"og:site_name\" content=\"Mobile and Website Design and Development Company - OpsGreat\" \/>\n<meta property=\"article:modified_time\" content=\"2020-03-26T02:41:57+00:00\" \/>\n<meta property=\"og:image\" content=\"https:\/\/www.opsgreat.com\/wp-content\/uploads\/2020\/03\/Careers_banner-1024x355.png\" \/>\n\t<meta property=\"og:image:width\" content=\"1024\" \/>\n\t<meta property=\"og:image:height\" content=\"355\" \/>\n\t<meta property=\"og:image:type\" content=\"image\/png\" \/>\n<meta name=\"twitter:card\" content=\"summary_large_image\" \/>\n<script type=\"application\/ld+json\" class=\"yoast-schema-graph\">{\"@context\":\"https:\/\/schema.org\",\"@graph\":[{\"@type\":\"WebPage\",\"@id\":\"https:\/\/www.opsgreat.com\/careers\/\",\"url\":\"https:\/\/www.opsgreat.com\/careers\/\",\"name\":\"Ngh\u1ec1 nghi\u1ec7p - Mobile and Website Design and Development Company - OpsGreat\",\"isPartOf\":{\"@id\":\"https:\/\/www.opsgreat.com\/#website\"},\"primaryImageOfPage\":{\"@id\":\"https:\/\/www.opsgreat.com\/careers\/#primaryimage\"},\"image\":{\"@id\":\"https:\/\/www.opsgreat.com\/careers\/#primaryimage\"},\"thumbnailUrl\":\"https:\/\/www.opsgreat.com\/wp-content\/uploads\/2020\/03\/Careers_banner.png\",\"datePublished\":\"2020-03-05T11:15:11+00:00\",\"dateModified\":\"2020-03-26T02:41:57+00:00\",\"description\":\"Tham gia v\u1edbi \u0111\u1ed9i ng\u0169 \u0111\u1ea7y t\u00e0i n\u0103ng, \u0111am m\u00ea v\u00e0 nhi\u1ec7t huy\u1ebft c\u00f9ng v\u1edbi ch\u00fang t\u00f4i.\",\"breadcrumb\":{\"@id\":\"https:\/\/www.opsgreat.com\/careers\/#breadcrumb\"},\"inLanguage\":\"vi-VN\",\"potentialAction\":[{\"@type\":\"ReadAction\",\"target\":[\"https:\/\/www.opsgreat.com\/careers\/\"]}]},{\"@type\":\"ImageObject\",\"inLanguage\":\"vi-VN\",\"@id\":\"https:\/\/www.opsgreat.com\/careers\/#primaryimage\",\"url\":\"https:\/\/www.opsgreat.com\/wp-content\/uploads\/2020\/03\/Careers_banner.png\",\"contentUrl\":\"https:\/\/www.opsgreat.com\/wp-content\/uploads\/2020\/03\/Careers_banner.png\",\"width\":1920,\"height\":666},{\"@type\":\"BreadcrumbList\",\"@id\":\"https:\/\/www.opsgreat.com\/careers\/#breadcrumb\",\"itemListElement\":[{\"@type\":\"ListItem\",\"position\":1,\"name\":\"Home\",\"item\":\"https:\/\/www.opsgreat.com\/vi\/\"},{\"@type\":\"ListItem\",\"position\":2,\"name\":\"Ngh\u1ec1 nghi\u1ec7p\"}]},{\"@type\":\"WebSite\",\"@id\":\"https:\/\/www.opsgreat.com\/#website\",\"url\":\"https:\/\/www.opsgreat.com\/\",\"name\":\"Mobile and Website Design and Development Company - OpsGreat\",\"description\":\"OpsGreat is a team of designers, developers and strategists combining our skills to create traditional and new creative solutions to meet your goals &amp; expectations through the application of appropriate strategies across multiple platforms.\",\"publisher\":{\"@id\":\"https:\/\/www.opsgreat.com\/#organization\"},\"potentialAction\":[{\"@type\":\"SearchAction\",\"target\":{\"@type\":\"EntryPoint\",\"urlTemplate\":\"https:\/\/www.opsgreat.com\/?s={search_term_string}\"},\"query-input\":{\"@type\":\"PropertyValueSpecification\",\"valueRequired\":true,\"valueName\":\"search_term_string\"}}],\"inLanguage\":\"vi-VN\"},{\"@type\":\"Organization\",\"@id\":\"https:\/\/www.opsgreat.com\/#organization\",\"name\":\"OpsGreat - Mobile and Website Design and Development Company\",\"url\":\"https:\/\/www.opsgreat.com\/\",\"logo\":{\"@type\":\"ImageObject\",\"inLanguage\":\"vi-VN\",\"@id\":\"https:\/\/www.opsgreat.com\/#\/schema\/logo\/image\/\",\"url\":\"https:\/\/www.opsgreat.com\/wp-content\/uploads\/2020\/03\/logo.png\",\"contentUrl\":\"https:\/\/www.opsgreat.com\/wp-content\/uploads\/2020\/03\/logo.png\",\"width\":175,\"height\":49,\"caption\":\"OpsGreat - Mobile and Website Design and Development Company\"},\"image\":{\"@id\":\"https:\/\/www.opsgreat.com\/#\/schema\/logo\/image\/\"}}]}<\/script>\n<!-- \/ Yoast SEO plugin. -->","yoast_head_json":{"title":"Ngh\u1ec1 nghi\u1ec7p - Mobile and Website Design and Development Company - OpsGreat","description":"Tham gia v\u1edbi \u0111\u1ed9i ng\u0169 \u0111\u1ea7y t\u00e0i n\u0103ng, \u0111am m\u00ea v\u00e0 nhi\u1ec7t huy\u1ebft c\u00f9ng v\u1edbi ch\u00fang t\u00f4i.","robots":{"index":"index","follow":"follow","max-snippet":"max-snippet:-1","max-image-preview":"max-image-preview:large","max-video-preview":"max-video-preview:-1"},"canonical":"https:\/\/www.opsgreat.com\/careers\/","og_locale":"vi_VN","og_type":"article","og_title":"Ngh\u1ec1 nghi\u1ec7p - Mobile and Website Design and Development Company - OpsGreat","og_description":"Tham gia v\u1edbi \u0111\u1ed9i ng\u0169 \u0111\u1ea7y t\u00e0i n\u0103ng, \u0111am m\u00ea v\u00e0 nhi\u1ec7t huy\u1ebft c\u00f9ng v\u1edbi ch\u00fang t\u00f4i.","og_url":"https:\/\/www.opsgreat.com\/careers\/","og_site_name":"Mobile and Website Design and Development Company - OpsGreat","article_modified_time":"2020-03-26T02:41:57+00:00","og_image":[{"width":1024,"height":355,"url":"https:\/\/www.opsgreat.com\/wp-content\/uploads\/2020\/03\/Careers_banner-1024x355.png","type":"image\/png"}],"twitter_card":"summary_large_image","schema":{"@context":"https:\/\/schema.org","@graph":[{"@type":"WebPage","@id":"https:\/\/www.opsgreat.com\/careers\/","url":"https:\/\/www.opsgreat.com\/careers\/","name":"Ngh\u1ec1 nghi\u1ec7p - Mobile and Website Design and Development Company - OpsGreat","isPartOf":{"@id":"https:\/\/www.opsgreat.com\/#website"},"primaryImageOfPage":{"@id":"https:\/\/www.opsgreat.com\/careers\/#primaryimage"},"image":{"@id":"https:\/\/www.opsgreat.com\/careers\/#primaryimage"},"thumbnailUrl":"https:\/\/www.opsgreat.com\/wp-content\/uploads\/2020\/03\/Careers_banner.png","datePublished":"2020-03-05T11:15:11+00:00","dateModified":"2020-03-26T02:41:57+00:00","description":"Tham gia v\u1edbi \u0111\u1ed9i ng\u0169 \u0111\u1ea7y t\u00e0i n\u0103ng, \u0111am m\u00ea v\u00e0 nhi\u1ec7t huy\u1ebft c\u00f9ng v\u1edbi ch\u00fang t\u00f4i.","breadcrumb":{"@id":"https:\/\/www.opsgreat.com\/careers\/#breadcrumb"},"inLanguage":"vi-VN","potentialAction":[{"@type":"ReadAction","target":["https:\/\/www.opsgreat.com\/careers\/"]}]},{"@type":"ImageObject","inLanguage":"vi-VN","@id":"https:\/\/www.opsgreat.com\/careers\/#primaryimage","url":"https:\/\/www.opsgreat.com\/wp-content\/uploads\/2020\/03\/Careers_banner.png","contentUrl":"https:\/\/www.opsgreat.com\/wp-content\/uploads\/2020\/03\/Careers_banner.png","width":1920,"height":666},{"@type":"BreadcrumbList","@id":"https:\/\/www.opsgreat.com\/careers\/#breadcrumb","itemListElement":[{"@type":"ListItem","position":1,"name":"Home","item":"https:\/\/www.opsgreat.com\/vi\/"},{"@type":"ListItem","position":2,"name":"Ngh\u1ec1 nghi\u1ec7p"}]},{"@type":"WebSite","@id":"https:\/\/www.opsgreat.com\/#website","url":"https:\/\/www.opsgreat.com\/","name":"Mobile and Website Design and Development Company - OpsGreat","description":"OpsGreat is a team of designers, developers and strategists combining our skills to create traditional and new creative solutions to meet your goals &amp; expectations through the application of appropriate strategies across multiple platforms.","publisher":{"@id":"https:\/\/www.opsgreat.com\/#organization"},"potentialAction":[{"@type":"SearchAction","target":{"@type":"EntryPoint","urlTemplate":"https:\/\/www.opsgreat.com\/?s={search_term_string}"},"query-input":{"@type":"PropertyValueSpecification","valueRequired":true,"valueName":"search_term_string"}}],"inLanguage":"vi-VN"},{"@type":"Organization","@id":"https:\/\/www.opsgreat.com\/#organization","name":"OpsGreat - Mobile and Website Design and Development Company","url":"https:\/\/www.opsgreat.com\/","logo":{"@type":"ImageObject","inLanguage":"vi-VN","@id":"https:\/\/www.opsgreat.com\/#\/schema\/logo\/image\/","url":"https:\/\/www.opsgreat.com\/wp-content\/uploads\/2020\/03\/logo.png","contentUrl":"https:\/\/www.opsgreat.com\/wp-content\/uploads\/2020\/03\/logo.png","width":175,"height":49,"caption":"OpsGreat - Mobile and Website Design and Development Company"},"image":{"@id":"https:\/\/www.opsgreat.com\/#\/schema\/logo\/image\/"}}]}},"_links":{"self":[{"href":"https:\/\/www.opsgreat.com\/vi\/wp-json\/wp\/v2\/pages\/1571","targetHints":{"allow":["GET"]}}],"collection":[{"href":"https:\/\/www.opsgreat.com\/vi\/wp-json\/wp\/v2\/pages"}],"about":[{"href":"https:\/\/www.opsgreat.com\/vi\/wp-json\/wp\/v2\/types\/page"}],"author":[{"embeddable":true,"href":"https:\/\/www.opsgreat.com\/vi\/wp-json\/wp\/v2\/users\/1"}],"replies":[{"embeddable":true,"href":"https:\/\/www.opsgreat.com\/vi\/wp-json\/wp\/v2\/comments?post=1571"}],"version-history":[{"count":2,"href":"https:\/\/www.opsgreat.com\/vi\/wp-json\/wp\/v2\/pages\/1571\/revisions"}],"predecessor-version":[{"id":1573,"href":"https:\/\/www.opsgreat.com\/vi\/wp-json\/wp\/v2\/pages\/1571\/revisions\/1573"}],"wp:featuredmedia":[{"embeddable":true,"href":"https:\/\/www.opsgreat.com\/vi\/wp-json\/wp\/v2\/media\/942"}],"wp:attachment":[{"href":"https:\/\/www.opsgreat.com\/vi\/wp-json\/wp\/v2\/media?parent=1571"}],"curies":[{"name":"wp","href":"https:\/\/api.w.org\/{rel}","templated":true}]}}