{"id":2952,"date":"2024-09-12T14:47:57","date_gmt":"2024-09-12T07:47:57","guid":{"rendered":"https:\/\/www.opsgreat.com\/?page_id=2952"},"modified":"2024-09-12T16:18:52","modified_gmt":"2024-09-12T09:18:52","slug":"giai-phap","status":"publish","type":"page","link":"https:\/\/www.opsgreat.com\/vi\/giai-phap\/","title":{"rendered":"Gi\u1ea3i ph\u00e1p"},"content":{"rendered":"<p>Ch\u00fang t\u00f4i cam k\u1ebft cung c\u1ea5p c\u00e1c gi\u1ea3i ph\u00e1p ph\u00f9 h\u1ee3p gi\u00fap b\u1ea1n ti\u1ebft ki\u1ec7m th\u1eddi gian, gi\u1ea3m chi ph\u00ed v\u00e0 n\u00e2ng t\u1ea7m doanh nghi\u1ec7p c\u1ee7a. Ch\u00fang t\u00f4i lu\u00f4n \u0111\u1ea3m b\u1ea3o \u0111\u00fang ti\u1ebfn \u0111\u1ed9, trong ng\u00e2n s\u00e1ch v\u00e0 v\u01b0\u1ee3t qua s\u1ef1 mong \u0111\u1ee3i.<\/p>\n","protected":false},"excerpt":{"rendered":"<p>Ch\u00fang t\u00f4i cam k\u1ebft cung c\u1ea5p c\u00e1c gi\u1ea3i ph\u00e1p ph\u00f9 h\u1ee3p gi\u00fap b\u1ea1n ti\u1ebft ki\u1ec7m th\u1eddi gian, gi\u1ea3m chi ph\u00ed v\u00e0 n\u00e2ng t\u1ea7m doanh nghi\u1ec7p c\u1ee7a. Ch\u00fang t\u00f4i lu\u00f4n \u0111\u1ea3m b\u1ea3o \u0111\u00fang ti\u1ebfn \u0111\u1ed9, trong ng\u00e2n s\u00e1ch v\u00e0 v\u01b0\u1ee3t qua s\u1ef1 mong \u0111\u1ee3i.<\/p>\n","protected":false},"author":1,"featured_media":2668,"parent":0,"menu_order":4,"comment_status":"closed","ping_status":"closed","template":"page-solution.php","meta":{"footnotes":""},"class_list":["post-2952","page","type-page","status-publish","has-post-thumbnail","hentry"],"yoast_head":"<!-- This site is optimized with the Yoast SEO plugin v27.2 - https:\/\/yoast.com\/product\/yoast-seo-wordpress\/ -->\n<title>Gi\u1ea3i ph\u00e1p - Mobile and Website Design and Development Company - OpsGreat<\/title>\n<meta name=\"robots\" content=\"index, follow, max-snippet:-1, max-image-preview:large, max-video-preview:-1\" \/>\n<link rel=\"canonical\" href=\"https:\/\/www.opsgreat.com\/our-solutions\/\" \/>\n<meta property=\"og:locale\" content=\"vi_VN\" \/>\n<meta property=\"og:type\" content=\"article\" \/>\n<meta property=\"og:title\" content=\"Gi\u1ea3i ph\u00e1p - Mobile and Website Design and Development Company - OpsGreat\" \/>\n<meta property=\"og:description\" content=\"Ch\u00fang t\u00f4i cam k\u1ebft cung c\u1ea5p c\u00e1c gi\u1ea3i ph\u00e1p ph\u00f9 h\u1ee3p gi\u00fap b\u1ea1n ti\u1ebft ki\u1ec7m th\u1eddi gian, gi\u1ea3m chi ph\u00ed v\u00e0 n\u00e2ng t\u1ea7m doanh nghi\u1ec7p c\u1ee7a. Ch\u00fang t\u00f4i lu\u00f4n \u0111\u1ea3m b\u1ea3o \u0111\u00fang ti\u1ebfn \u0111\u1ed9, trong ng\u00e2n s\u00e1ch v\u00e0 v\u01b0\u1ee3t qua s\u1ef1 mong \u0111\u1ee3i.\" \/>\n<meta property=\"og:url\" content=\"https:\/\/www.opsgreat.com\/our-solutions\/\" \/>\n<meta property=\"og:site_name\" content=\"Mobile and Website Design and Development Company - OpsGreat\" \/>\n<meta property=\"article:modified_time\" content=\"2024-09-12T09:18:52+00:00\" \/>\n<meta property=\"og:image\" content=\"https:\/\/www.opsgreat.com\/wp-content\/uploads\/2023\/04\/OpsGreat-Our-Solutions-Banner.png\" \/>\n\t<meta property=\"og:image:width\" content=\"1920\" \/>\n\t<meta property=\"og:image:height\" content=\"666\" \/>\n\t<meta property=\"og:image:type\" content=\"image\/png\" \/>\n<meta name=\"twitter:card\" content=\"summary_large_image\" \/>\n<script type=\"application\/ld+json\" class=\"yoast-schema-graph\">{\"@context\":\"https:\/\/schema.org\",\"@graph\":[{\"@type\":\"WebPage\",\"@id\":\"https:\/\/www.opsgreat.com\/our-solutions\/\",\"url\":\"https:\/\/www.opsgreat.com\/our-solutions\/\",\"name\":\"Gi\u1ea3i ph\u00e1p - Mobile and Website Design and Development Company - OpsGreat\",\"isPartOf\":{\"@id\":\"https:\/\/www.opsgreat.com\/#website\"},\"primaryImageOfPage\":{\"@id\":\"https:\/\/www.opsgreat.com\/our-solutions\/#primaryimage\"},\"image\":{\"@id\":\"https:\/\/www.opsgreat.com\/our-solutions\/#primaryimage\"},\"thumbnailUrl\":\"https:\/\/www.opsgreat.com\/wp-content\/uploads\/2023\/04\/OpsGreat-Our-Solutions-Banner.png\",\"datePublished\":\"2024-09-12T07:47:57+00:00\",\"dateModified\":\"2024-09-12T09:18:52+00:00\",\"breadcrumb\":{\"@id\":\"https:\/\/www.opsgreat.com\/our-solutions\/#breadcrumb\"},\"inLanguage\":\"vi-VN\",\"potentialAction\":[{\"@type\":\"ReadAction\",\"target\":[\"https:\/\/www.opsgreat.com\/our-solutions\/\"]}]},{\"@type\":\"ImageObject\",\"inLanguage\":\"vi-VN\",\"@id\":\"https:\/\/www.opsgreat.com\/our-solutions\/#primaryimage\",\"url\":\"https:\/\/www.opsgreat.com\/wp-content\/uploads\/2023\/04\/OpsGreat-Our-Solutions-Banner.png\",\"contentUrl\":\"https:\/\/www.opsgreat.com\/wp-content\/uploads\/2023\/04\/OpsGreat-Our-Solutions-Banner.png\",\"width\":1920,\"height\":666},{\"@type\":\"BreadcrumbList\",\"@id\":\"https:\/\/www.opsgreat.com\/our-solutions\/#breadcrumb\",\"itemListElement\":[{\"@type\":\"ListItem\",\"position\":1,\"name\":\"Home\",\"item\":\"https:\/\/www.opsgreat.com\/vi\/\"},{\"@type\":\"ListItem\",\"position\":2,\"name\":\"Gi\u1ea3i ph\u00e1p\"}]},{\"@type\":\"WebSite\",\"@id\":\"https:\/\/www.opsgreat.com\/#website\",\"url\":\"https:\/\/www.opsgreat.com\/\",\"name\":\"Mobile and Website Design and Development Company - OpsGreat\",\"description\":\"OpsGreat is a team of designers, developers and strategists combining our skills to create traditional and new creative solutions to meet your goals &amp; expectations through the application of appropriate strategies across multiple platforms.\",\"publisher\":{\"@id\":\"https:\/\/www.opsgreat.com\/#organization\"},\"potentialAction\":[{\"@type\":\"SearchAction\",\"target\":{\"@type\":\"EntryPoint\",\"urlTemplate\":\"https:\/\/www.opsgreat.com\/?s={search_term_string}\"},\"query-input\":{\"@type\":\"PropertyValueSpecification\",\"valueRequired\":true,\"valueName\":\"search_term_string\"}}],\"inLanguage\":\"vi-VN\"},{\"@type\":\"Organization\",\"@id\":\"https:\/\/www.opsgreat.com\/#organization\",\"name\":\"OpsGreat - Mobile and Website Design and Development Company\",\"url\":\"https:\/\/www.opsgreat.com\/\",\"logo\":{\"@type\":\"ImageObject\",\"inLanguage\":\"vi-VN\",\"@id\":\"https:\/\/www.opsgreat.com\/#\/schema\/logo\/image\/\",\"url\":\"https:\/\/www.opsgreat.com\/wp-content\/uploads\/2020\/03\/logo.png\",\"contentUrl\":\"https:\/\/www.opsgreat.com\/wp-content\/uploads\/2020\/03\/logo.png\",\"width\":175,\"height\":49,\"caption\":\"OpsGreat - Mobile and Website Design and Development Company\"},\"image\":{\"@id\":\"https:\/\/www.opsgreat.com\/#\/schema\/logo\/image\/\"}}]}<\/script>\n<!-- \/ Yoast SEO plugin. -->","yoast_head_json":{"title":"Gi\u1ea3i ph\u00e1p - Mobile and Website Design and Development Company - OpsGreat","robots":{"index":"index","follow":"follow","max-snippet":"max-snippet:-1","max-image-preview":"max-image-preview:large","max-video-preview":"max-video-preview:-1"},"canonical":"https:\/\/www.opsgreat.com\/our-solutions\/","og_locale":"vi_VN","og_type":"article","og_title":"Gi\u1ea3i ph\u00e1p - Mobile and Website Design and Development Company - OpsGreat","og_description":"Ch\u00fang t\u00f4i cam k\u1ebft cung c\u1ea5p c\u00e1c gi\u1ea3i ph\u00e1p ph\u00f9 h\u1ee3p gi\u00fap b\u1ea1n ti\u1ebft ki\u1ec7m th\u1eddi gian, gi\u1ea3m chi ph\u00ed v\u00e0 n\u00e2ng t\u1ea7m doanh nghi\u1ec7p c\u1ee7a. Ch\u00fang t\u00f4i lu\u00f4n \u0111\u1ea3m b\u1ea3o \u0111\u00fang ti\u1ebfn \u0111\u1ed9, trong ng\u00e2n s\u00e1ch v\u00e0 v\u01b0\u1ee3t qua s\u1ef1 mong \u0111\u1ee3i.","og_url":"https:\/\/www.opsgreat.com\/our-solutions\/","og_site_name":"Mobile and Website Design and Development Company - OpsGreat","article_modified_time":"2024-09-12T09:18:52+00:00","og_image":[{"width":1920,"height":666,"url":"https:\/\/www.opsgreat.com\/wp-content\/uploads\/2023\/04\/OpsGreat-Our-Solutions-Banner.png","type":"image\/png"}],"twitter_card":"summary_large_image","schema":{"@context":"https:\/\/schema.org","@graph":[{"@type":"WebPage","@id":"https:\/\/www.opsgreat.com\/our-solutions\/","url":"https:\/\/www.opsgreat.com\/our-solutions\/","name":"Gi\u1ea3i ph\u00e1p - Mobile and Website Design and Development Company - OpsGreat","isPartOf":{"@id":"https:\/\/www.opsgreat.com\/#website"},"primaryImageOfPage":{"@id":"https:\/\/www.opsgreat.com\/our-solutions\/#primaryimage"},"image":{"@id":"https:\/\/www.opsgreat.com\/our-solutions\/#primaryimage"},"thumbnailUrl":"https:\/\/www.opsgreat.com\/wp-content\/uploads\/2023\/04\/OpsGreat-Our-Solutions-Banner.png","datePublished":"2024-09-12T07:47:57+00:00","dateModified":"2024-09-12T09:18:52+00:00","breadcrumb":{"@id":"https:\/\/www.opsgreat.com\/our-solutions\/#breadcrumb"},"inLanguage":"vi-VN","potentialAction":[{"@type":"ReadAction","target":["https:\/\/www.opsgreat.com\/our-solutions\/"]}]},{"@type":"ImageObject","inLanguage":"vi-VN","@id":"https:\/\/www.opsgreat.com\/our-solutions\/#primaryimage","url":"https:\/\/www.opsgreat.com\/wp-content\/uploads\/2023\/04\/OpsGreat-Our-Solutions-Banner.png","contentUrl":"https:\/\/www.opsgreat.com\/wp-content\/uploads\/2023\/04\/OpsGreat-Our-Solutions-Banner.png","width":1920,"height":666},{"@type":"BreadcrumbList","@id":"https:\/\/www.opsgreat.com\/our-solutions\/#breadcrumb","itemListElement":[{"@type":"ListItem","position":1,"name":"Home","item":"https:\/\/www.opsgreat.com\/vi\/"},{"@type":"ListItem","position":2,"name":"Gi\u1ea3i ph\u00e1p"}]},{"@type":"WebSite","@id":"https:\/\/www.opsgreat.com\/#website","url":"https:\/\/www.opsgreat.com\/","name":"Mobile and Website Design and Development Company - OpsGreat","description":"OpsGreat is a team of designers, developers and strategists combining our skills to create traditional and new creative solutions to meet your goals &amp; expectations through the application of appropriate strategies across multiple platforms.","publisher":{"@id":"https:\/\/www.opsgreat.com\/#organization"},"potentialAction":[{"@type":"SearchAction","target":{"@type":"EntryPoint","urlTemplate":"https:\/\/www.opsgreat.com\/?s={search_term_string}"},"query-input":{"@type":"PropertyValueSpecification","valueRequired":true,"valueName":"search_term_string"}}],"inLanguage":"vi-VN"},{"@type":"Organization","@id":"https:\/\/www.opsgreat.com\/#organization","name":"OpsGreat - Mobile and Website Design and Development Company","url":"https:\/\/www.opsgreat.com\/","logo":{"@type":"ImageObject","inLanguage":"vi-VN","@id":"https:\/\/www.opsgreat.com\/#\/schema\/logo\/image\/","url":"https:\/\/www.opsgreat.com\/wp-content\/uploads\/2020\/03\/logo.png","contentUrl":"https:\/\/www.opsgreat.com\/wp-content\/uploads\/2020\/03\/logo.png","width":175,"height":49,"caption":"OpsGreat - Mobile and Website Design and Development Company"},"image":{"@id":"https:\/\/www.opsgreat.com\/#\/schema\/logo\/image\/"}}]}},"_links":{"self":[{"href":"https:\/\/www.opsgreat.com\/vi\/wp-json\/wp\/v2\/pages\/2952","targetHints":{"allow":["GET"]}}],"collection":[{"href":"https:\/\/www.opsgreat.com\/vi\/wp-json\/wp\/v2\/pages"}],"about":[{"href":"https:\/\/www.opsgreat.com\/vi\/wp-json\/wp\/v2\/types\/page"}],"author":[{"embeddable":true,"href":"https:\/\/www.opsgreat.com\/vi\/wp-json\/wp\/v2\/users\/1"}],"replies":[{"embeddable":true,"href":"https:\/\/www.opsgreat.com\/vi\/wp-json\/wp\/v2\/comments?post=2952"}],"version-history":[{"count":3,"href":"https:\/\/www.opsgreat.com\/vi\/wp-json\/wp\/v2\/pages\/2952\/revisions"}],"predecessor-version":[{"id":2985,"href":"https:\/\/www.opsgreat.com\/vi\/wp-json\/wp\/v2\/pages\/2952\/revisions\/2985"}],"wp:featuredmedia":[{"embeddable":true,"href":"https:\/\/www.opsgreat.com\/vi\/wp-json\/wp\/v2\/media\/2668"}],"wp:attachment":[{"href":"https:\/\/www.opsgreat.com\/vi\/wp-json\/wp\/v2\/media?parent=2952"}],"curies":[{"name":"wp","href":"https:\/\/api.w.org\/{rel}","templated":true}]}}